{"id":12569,"date":"2026-04-16T05:17:30","date_gmt":"2026-04-16T05:17:30","guid":{"rendered":"https:\/\/bigmatrosalesa.com\/?product=producto-230"},"modified":"2026-04-18T03:02:35","modified_gmt":"2026-04-18T03:02:35","slug":"producto-230","status":"publish","type":"product","link":"https:\/\/bigmatrosalesa.com\/?product=producto-230","title":{"rendered":"HILO DE SELLAR TANGIT UNI-LOCK 80MT"},"content":{"rendered":"<p>Tangit Uni-Lock es un sellador universal para todo tipo de roscas. Este sellador es apropiado para conseguir la estanqueidad inmediata de uniones de tuber\u00edas oscadas pl\u00e1sticas y\/o met\u00e1licas. Sustituye de forma pr\u00e1ctica las cintas de tefl\u00f3n o c\u00e1\u00f1amo, asegurando la estanqueidad entre las roscas. Permite desmontar y reutilizar las roscas. Es aplicable en instalaciones de agua caliente o fr\u00eda, gas, aire comprimido y fluidos de refrigeraci\u00f3n. Reajustable. Formato: 1x80m. PELIGROSIDAD: La sustancia o mezcla no es peligrosa seg\u00fan el Reglamento (CE) N\u00ba 1272\/2008 (CLP).<\/p>\n","protected":false},"excerpt":{"rendered":"<p>Tangit Uni-Lock es un sellador universal para todo tipo de roscas. Este sellador es apropiado para conseguir la estanqueidad inmediata de uniones de tuber\u00edas oscadas pl\u00e1sticas y\/o met\u00e1licas. Sustituye de forma pr\u00e1ctica las cintas de tefl\u00f3n o c\u00e1\u00f1amo, asegurando la estanqueidad entre las roscas. Permite desmontar y reutilizar las roscas. Es aplicable en instalaciones de [&hellip;]<\/p>\n","protected":false},"featured_media":13161,"template":"","meta":[],"product_brand":[],"product_cat":[807],"product_tag":[],"class_list":{"0":"post-12569","1":"product","2":"type-product","3":"status-publish","4":"has-post-thumbnail","6":"product_cat-masillas-y-cintas-de-sellar","8":"first","9":"instock","10":"taxable","11":"shipping-taxable","12":"purchasable","13":"product-type-variable"},"_links":{"self":[{"href":"https:\/\/bigmatrosalesa.com\/index.php?rest_route=\/wp\/v2\/product\/12569","targetHints":{"allow":["GET"]}}],"collection":[{"href":"https:\/\/bigmatrosalesa.com\/index.php?rest_route=\/wp\/v2\/product"}],"about":[{"href":"https:\/\/bigmatrosalesa.com\/index.php?rest_route=\/wp\/v2\/types\/product"}],"version-history":[{"count":1,"href":"https:\/\/bigmatrosalesa.com\/index.php?rest_route=\/wp\/v2\/product\/12569\/revisions"}],"predecessor-version":[{"id":12570,"href":"https:\/\/bigmatrosalesa.com\/index.php?rest_route=\/wp\/v2\/product\/12569\/revisions\/12570"}],"wp:featuredmedia":[{"embeddable":true,"href":"https:\/\/bigmatrosalesa.com\/index.php?rest_route=\/wp\/v2\/media\/13161"}],"wp:attachment":[{"href":"https:\/\/bigmatrosalesa.com\/index.php?rest_route=%2Fwp%2Fv2%2Fmedia&parent=12569"}],"wp:term":[{"taxonomy":"product_brand","embeddable":true,"href":"https:\/\/bigmatrosalesa.com\/index.php?rest_route=%2Fwp%2Fv2%2Fproduct_brand&post=12569"},{"taxonomy":"product_cat","embeddable":true,"href":"https:\/\/bigmatrosalesa.com\/index.php?rest_route=%2Fwp%2Fv2%2Fproduct_cat&post=12569"},{"taxonomy":"product_tag","embeddable":true,"href":"https:\/\/bigmatrosalesa.com\/index.php?rest_route=%2Fwp%2Fv2%2Fproduct_tag&post=12569"}],"curies":[{"name":"wp","href":"https:\/\/api.w.org\/{rel}","templated":true}]}}