{"id":12926,"date":"2026-04-16T05:42:39","date_gmt":"2026-04-16T05:42:39","guid":{"rendered":"https:\/\/bigmatrosalesa.com\/?product=producto-299"},"modified":"2026-04-17T17:09:40","modified_gmt":"2026-04-17T17:09:40","slug":"producto-299","status":"publish","type":"product","link":"https:\/\/bigmatrosalesa.com\/?product=producto-299","title":{"rendered":"XX+AGUARRAS SIMIL BIG MAT 1LTS"},"content":{"rendered":"<p>Disolvente a base de hidrocarburos alif\u00e1ticos para pinturas grasas, aceites, resinas, esmaltes sint\u00e9ticos de decoraci\u00f3n, etc. Igualmente \u00fatil como limpiador de utensilios (brocha o rodillo). PELIGROSIDAD: L\u00edquidos y vapores inflamables. Puede ser mortal en caso de ingesti\u00f3n. y penetraci\u00f3n en las v\u00edas respiratorias. Provoca irritaci\u00f3n cut\u00e1nea. Puede provocar somnolencia o v\u00e9rtigo. T\u00f3xico para los organismos acu\u00e1ticos, con efectos nocivos duraderos.<\/p>\n","protected":false},"excerpt":{"rendered":"<p>Disolvente a base de hidrocarburos alif\u00e1ticos para pinturas grasas, aceites, resinas, esmaltes sint\u00e9ticos de decoraci\u00f3n, etc. Igualmente \u00fatil como limpiador de utensilios (brocha o rodillo). PELIGROSIDAD: L\u00edquidos y vapores inflamables. Puede ser mortal en caso de ingesti\u00f3n. y penetraci\u00f3n en las v\u00edas respiratorias. Provoca irritaci\u00f3n cut\u00e1nea. Puede provocar somnolencia o v\u00e9rtigo. T\u00f3xico para los organismos [&hellip;]<\/p>\n","protected":false},"featured_media":12928,"template":"","meta":[],"product_brand":[],"product_cat":[881],"product_tag":[],"class_list":{"0":"post-12926","1":"product","2":"type-product","3":"status-publish","4":"has-post-thumbnail","6":"product_cat-aguarras-y-disolventes","8":"first","9":"instock","10":"taxable","11":"shipping-taxable","12":"purchasable","13":"product-type-variable"},"_links":{"self":[{"href":"https:\/\/bigmatrosalesa.com\/index.php?rest_route=\/wp\/v2\/product\/12926","targetHints":{"allow":["GET"]}}],"collection":[{"href":"https:\/\/bigmatrosalesa.com\/index.php?rest_route=\/wp\/v2\/product"}],"about":[{"href":"https:\/\/bigmatrosalesa.com\/index.php?rest_route=\/wp\/v2\/types\/product"}],"version-history":[{"count":1,"href":"https:\/\/bigmatrosalesa.com\/index.php?rest_route=\/wp\/v2\/product\/12926\/revisions"}],"predecessor-version":[{"id":12927,"href":"https:\/\/bigmatrosalesa.com\/index.php?rest_route=\/wp\/v2\/product\/12926\/revisions\/12927"}],"wp:featuredmedia":[{"embeddable":true,"href":"https:\/\/bigmatrosalesa.com\/index.php?rest_route=\/wp\/v2\/media\/12928"}],"wp:attachment":[{"href":"https:\/\/bigmatrosalesa.com\/index.php?rest_route=%2Fwp%2Fv2%2Fmedia&parent=12926"}],"wp:term":[{"taxonomy":"product_brand","embeddable":true,"href":"https:\/\/bigmatrosalesa.com\/index.php?rest_route=%2Fwp%2Fv2%2Fproduct_brand&post=12926"},{"taxonomy":"product_cat","embeddable":true,"href":"https:\/\/bigmatrosalesa.com\/index.php?rest_route=%2Fwp%2Fv2%2Fproduct_cat&post=12926"},{"taxonomy":"product_tag","embeddable":true,"href":"https:\/\/bigmatrosalesa.com\/index.php?rest_route=%2Fwp%2Fv2%2Fproduct_tag&post=12926"}],"curies":[{"name":"wp","href":"https:\/\/api.w.org\/{rel}","templated":true}]}}