{"id":12930,"date":"2026-04-16T05:42:40","date_gmt":"2026-04-16T05:42:40","guid":{"rendered":"https:\/\/bigmatrosalesa.com\/?product=disolvente-universal-nu-garrafa-5l"},"modified":"2026-04-16T05:42:40","modified_gmt":"2026-04-16T05:42:40","slug":"disolvente-universal-nu-garrafa-5l","status":"publish","type":"product","link":"https:\/\/bigmatrosalesa.com\/?product=disolvente-universal-nu-garrafa-5l","title":{"rendered":"DISOLVENTE UNIVERSAL NU GARRAFA 5L"},"content":{"rendered":"<p>Adecuado para la diluci\u00f3n, disminuci\u00f3n de viscosidad y limpieza de todo tipo de pinturas, especialmente lacas y esmaltes nitrocelul\u00f3s. PELIGROSIDAD seg\u00fan reglamento n\u00ba1272\/2008: Nocivo en caso de ingesti\u00f3n o inhalaci\u00f3n. Puede ser mortal en caso de ingesti\u00f3n y penetraci\u00f3n en en las v\u00edas respiratorias. Provoca irritaci\u00f3n ocular grave. L\u00edquido y vapores muy inflamables. Se sospecha que da\u00f1a al feto. Provoca irritaci\u00f3n cut\u00e1nea. Puede provocar da\u00f1os en los \u00f3rganos tras exposiciones prolongadas o repetidas. Puede provocar da\u00f3s en los \u00f3rganos por inhalaci\u00f3n. Puede provocar somnolencia o v\u00e9rtigo.<\/p>\n","protected":false},"excerpt":{"rendered":"<p>Adecuado para la diluci\u00f3n, disminuci\u00f3n de viscosidad y limpieza de todo tipo de pinturas, especialmente lacas y esmaltes nitrocelul\u00f3s. PELIGROSIDAD seg\u00fan reglamento n\u00ba1272\/2008: Nocivo en caso de ingesti\u00f3n o inhalaci\u00f3n. Puede ser mortal en caso de ingesti\u00f3n y penetraci\u00f3n en en las v\u00edas respiratorias. Provoca irritaci\u00f3n ocular grave. L\u00edquido y vapores muy inflamables. Se sospecha [&hellip;]<\/p>\n","protected":false},"featured_media":0,"template":"","meta":[],"product_brand":[],"product_cat":[881],"product_tag":[],"class_list":{"0":"post-12930","1":"product","2":"type-product","3":"status-publish","5":"product_cat-aguarras-y-disolventes","7":"first","8":"instock","9":"taxable","10":"shipping-taxable","11":"purchasable","12":"product-type-simple"},"_links":{"self":[{"href":"https:\/\/bigmatrosalesa.com\/index.php?rest_route=\/wp\/v2\/product\/12930","targetHints":{"allow":["GET"]}}],"collection":[{"href":"https:\/\/bigmatrosalesa.com\/index.php?rest_route=\/wp\/v2\/product"}],"about":[{"href":"https:\/\/bigmatrosalesa.com\/index.php?rest_route=\/wp\/v2\/types\/product"}],"version-history":[{"count":0,"href":"https:\/\/bigmatrosalesa.com\/index.php?rest_route=\/wp\/v2\/product\/12930\/revisions"}],"wp:attachment":[{"href":"https:\/\/bigmatrosalesa.com\/index.php?rest_route=%2Fwp%2Fv2%2Fmedia&parent=12930"}],"wp:term":[{"taxonomy":"product_brand","embeddable":true,"href":"https:\/\/bigmatrosalesa.com\/index.php?rest_route=%2Fwp%2Fv2%2Fproduct_brand&post=12930"},{"taxonomy":"product_cat","embeddable":true,"href":"https:\/\/bigmatrosalesa.com\/index.php?rest_route=%2Fwp%2Fv2%2Fproduct_cat&post=12930"},{"taxonomy":"product_tag","embeddable":true,"href":"https:\/\/bigmatrosalesa.com\/index.php?rest_route=%2Fwp%2Fv2%2Fproduct_tag&post=12930"}],"curies":[{"name":"wp","href":"https:\/\/api.w.org\/{rel}","templated":true}]}}